{"id":100,"date":"2023-03-20T21:37:57","date_gmt":"2023-03-20T20:37:57","guid":{"rendered":"https:\/\/karstvelo.sk\/?page_id=100"},"modified":"2026-04-29T13:17:04","modified_gmt":"2026-04-29T11:17:04","slug":"contact","status":"publish","type":"page","link":"https:\/\/karstvelo.sk\/?page_id=100&lang=en","title":{"rendered":"Contact"},"content":{"rendered":"\n<p>Penzi\u00f3n Skaln\u00e1 ru\u017ea<br>049 12 Gemersk\u00e1 H\u00f4rka<br>Gemersk\u00e1 H\u00f4rka 104<br>Slovakia<br><a href=\"https:\/\/sk.mapy.cz\/turisticka?l=0&amp;source=osm&amp;id=1100052171&amp;x=20.3902871&amp;y=48.5396073&amp;z=15\">mapy.cz\/penzion_skalna_ruza<\/a><\/p>\n","protected":false},"excerpt":{"rendered":"<p>Penzi\u00f3n Skaln\u00e1 ru\u017ea049 12 Gemersk\u00e1 H\u00f4rkaGemersk\u00e1 H\u00f4rka 104Slovakiamapy.cz\/penzion_skalna_ruza<\/p>\n","protected":false},"author":1,"featured_media":0,"parent":0,"menu_order":0,"comment_status":"closed","ping_status":"closed","template":"","meta":{"footnotes":""},"class_list":["post-100","page","type-page","status-publish","hentry"],"_links":{"self":[{"href":"https:\/\/karstvelo.sk\/index.php?rest_route=\/wp\/v2\/pages\/100","targetHints":{"allow":["GET"]}}],"collection":[{"href":"https:\/\/karstvelo.sk\/index.php?rest_route=\/wp\/v2\/pages"}],"about":[{"href":"https:\/\/karstvelo.sk\/index.php?rest_route=\/wp\/v2\/types\/page"}],"author":[{"embeddable":true,"href":"https:\/\/karstvelo.sk\/index.php?rest_route=\/wp\/v2\/users\/1"}],"replies":[{"embeddable":true,"href":"https:\/\/karstvelo.sk\/index.php?rest_route=%2Fwp%2Fv2%2Fcomments&post=100"}],"version-history":[{"count":2,"href":"https:\/\/karstvelo.sk\/index.php?rest_route=\/wp\/v2\/pages\/100\/revisions"}],"predecessor-version":[{"id":781,"href":"https:\/\/karstvelo.sk\/index.php?rest_route=\/wp\/v2\/pages\/100\/revisions\/781"}],"wp:attachment":[{"href":"https:\/\/karstvelo.sk\/index.php?rest_route=%2Fwp%2Fv2%2Fmedia&parent=100"}],"curies":[{"name":"wp","href":"https:\/\/api.w.org\/{rel}","templated":true}]}}