{"id":12,"date":"2023-03-16T14:49:16","date_gmt":"2023-03-16T13:49:16","guid":{"rendered":"https:\/\/karstvelo.sk\/?page_id=12"},"modified":"2026-03-16T13:18:40","modified_gmt":"2026-03-16T12:18:40","slug":"kontakt","status":"publish","type":"page","link":"https:\/\/karstvelo.sk\/?page_id=12","title":{"rendered":"Kontakt"},"content":{"rendered":"\n<p>Slovensk\u00fd cykloklub Slovensk\u00fd kras<br>049 12 Gemersk\u00e1 H\u00f4rka<br>Gemersk\u00e1 H\u00f4rka 104<br><a href=\"https:\/\/mapy.com\/s\/jeguzuhapu\">mapy.cz\/penzion_skalna_ruza<\/a><br><\/p>\n\n\n\n<h2 class=\"wp-block-heading\">U\u017eito\u010dn\u00e9 odkazy<\/h2>\n\n\n\n<p><a href=\"https:\/\/www.cykloklub.sk\/\">https:\/\/www.cykloklub.sk\/<\/a><\/p>\n\n\n\n<p><a href=\"https:\/\/ke.cykloportal.sk\/\">https:\/\/ke.cykloportal.sk\/<\/a><\/p>\n\n\n\n<p><a href=\"https:\/\/www.cykloportal.sk\/\">https:\/\/www.cykloportal.sk\/<\/a><\/p>\n\n\n\n<p><\/p>\n","protected":false},"excerpt":{"rendered":"<p>Slovensk\u00fd cykloklub Slovensk\u00fd kras049 12 Gemersk\u00e1 H\u00f4rkaGemersk\u00e1 H\u00f4rka 104mapy.cz\/penzion_skalna_ruza U\u017eito\u010dn\u00e9 odkazy https:\/\/www.cykloklub.sk\/ https:\/\/ke.cykloportal.sk\/ https:\/\/www.cykloportal.sk\/<\/p>\n","protected":false},"author":1,"featured_media":0,"parent":0,"menu_order":0,"comment_status":"closed","ping_status":"closed","template":"","meta":{"footnotes":""},"class_list":["post-12","page","type-page","status-publish","hentry"],"_links":{"self":[{"href":"https:\/\/karstvelo.sk\/index.php?rest_route=\/wp\/v2\/pages\/12","targetHints":{"allow":["GET"]}}],"collection":[{"href":"https:\/\/karstvelo.sk\/index.php?rest_route=\/wp\/v2\/pages"}],"about":[{"href":"https:\/\/karstvelo.sk\/index.php?rest_route=\/wp\/v2\/types\/page"}],"author":[{"embeddable":true,"href":"https:\/\/karstvelo.sk\/index.php?rest_route=\/wp\/v2\/users\/1"}],"replies":[{"embeddable":true,"href":"https:\/\/karstvelo.sk\/index.php?rest_route=%2Fwp%2Fv2%2Fcomments&post=12"}],"version-history":[{"count":6,"href":"https:\/\/karstvelo.sk\/index.php?rest_route=\/wp\/v2\/pages\/12\/revisions"}],"predecessor-version":[{"id":720,"href":"https:\/\/karstvelo.sk\/index.php?rest_route=\/wp\/v2\/pages\/12\/revisions\/720"}],"wp:attachment":[{"href":"https:\/\/karstvelo.sk\/index.php?rest_route=%2Fwp%2Fv2%2Fmedia&parent=12"}],"curies":[{"name":"wp","href":"https:\/\/api.w.org\/{rel}","templated":true}]}}