{"id":146,"date":"2023-03-28T19:08:58","date_gmt":"2023-03-28T17:08:58","guid":{"rendered":"https:\/\/karstvelo.sk\/?page_id=146"},"modified":"2026-03-16T13:42:59","modified_gmt":"2026-03-16T12:42:59","slug":"2701-2","status":"publish","type":"page","link":"https:\/\/karstvelo.sk\/?page_id=146","title":{"rendered":"2701 &#8211; \u00dadol\u00edm \u010cremo\u0161nej a Slanej"},"content":{"rendered":"\n<figure class=\"wp-block-image size-full\"><img loading=\"lazy\" decoding=\"async\" width=\"60\" height=\"60\" src=\"https:\/\/karstvelo.sk\/wp-content\/uploads\/2023\/05\/piktogram_modra_trasa_biele_pozadie.jpg\" alt=\"\" class=\"wp-image-361\"\/><\/figure>\n\n\n\n<h4 class=\"wp-block-heading\">53,7 km<\/h4>\n\n\n\n<p>Torna\u013ea \u2013 Gemersk\u00e1 H\u00f4rka \u2013 Ple\u0161ivec \u2013 Brzot\u00edn \u2013 Drnava<\/p>\n\n\n\n<p><a href=\"https:\/\/www.freemap.sk\/#&amp;layers=X&amp;osm-relation=1245147\">freemap.sk\/2701<\/a><\/p>\n\n\n\n<iframe src=\"https:\/\/www.freemap.sk\/#&#038;layers=X&#038;osm-relation=1245147&#038;embed=noMapSwitch\" style=\"width: 100%; height: 700px; border: 0\" allowfullscreen><\/iframe>\n\n\n\n<p><\/p>\n\n\n\n<p><img loading=\"lazy\" decoding=\"async\" width=\"15\" height=\"15\" class=\"wp-image-307\" style=\"width: 15px;\" src=\"https:\/\/karstvelo.sk\/wp-content\/uploads\/2023\/04\/sign-alt.256x256.png\" alt=\"\" srcset=\"https:\/\/karstvelo.sk\/wp-content\/uploads\/2023\/04\/sign-alt.256x256.png 256w, https:\/\/karstvelo.sk\/wp-content\/uploads\/2023\/04\/sign-alt.256x256-150x150.png 150w\" sizes=\"auto, (max-width: 15px) 100vw, 15px\" \/> Torna\u013ea, k\u00fapalisko<br><a href=\"https:\/\/karstvelo.sk\/?page_id=220\">5704<\/a><\/p>\n\n\n\n<p><img loading=\"lazy\" decoding=\"async\" width=\"15\" height=\"15\" class=\"wp-image-307\" style=\"width: 15px;\" src=\"https:\/\/karstvelo.sk\/wp-content\/uploads\/2023\/04\/sign-alt.256x256.png\" alt=\"\" srcset=\"https:\/\/karstvelo.sk\/wp-content\/uploads\/2023\/04\/sign-alt.256x256.png 256w, https:\/\/karstvelo.sk\/wp-content\/uploads\/2023\/04\/sign-alt.256x256-150x150.png 150w\" sizes=\"auto, (max-width: 15px) 100vw, 15px\" \/> Torna\u013ea<br><a href=\"https:\/\/karstvelo.sk\/?page_id=220\">5704<\/a><\/p>\n\n\n\n<p><img loading=\"lazy\" decoding=\"async\" width=\"15\" height=\"15\" class=\"wp-image-307\" style=\"width: 15px;\" src=\"https:\/\/karstvelo.sk\/wp-content\/uploads\/2023\/04\/sign-alt.256x256.png\" alt=\"\" srcset=\"https:\/\/karstvelo.sk\/wp-content\/uploads\/2023\/04\/sign-alt.256x256.png 256w, https:\/\/karstvelo.sk\/wp-content\/uploads\/2023\/04\/sign-alt.256x256-150x150.png 150w\" sizes=\"auto, (max-width: 15px) 100vw, 15px\" \/> Gemer<\/p>\n\n\n\n<p><img loading=\"lazy\" decoding=\"async\" width=\"15\" height=\"15\" class=\"wp-image-307\" style=\"width: 15px;\" src=\"https:\/\/karstvelo.sk\/wp-content\/uploads\/2023\/04\/sign-alt.256x256.png\" alt=\"\" srcset=\"https:\/\/karstvelo.sk\/wp-content\/uploads\/2023\/04\/sign-alt.256x256.png 256w, https:\/\/karstvelo.sk\/wp-content\/uploads\/2023\/04\/sign-alt.256x256-150x150.png 150w\" sizes=\"auto, (max-width: 15px) 100vw, 15px\" \/> Gemersk\u00e1 panica<br><a href=\"https:\/\/karstvelo.sk\/?page_id=217\">5703<\/a><\/p>\n\n\n\n<p><img loading=\"lazy\" decoding=\"async\" width=\"15\" height=\"15\" class=\"wp-image-307\" style=\"width: 15px;\" src=\"https:\/\/karstvelo.sk\/wp-content\/uploads\/2023\/04\/sign-alt.256x256.png\" alt=\"\" srcset=\"https:\/\/karstvelo.sk\/wp-content\/uploads\/2023\/04\/sign-alt.256x256.png 256w, https:\/\/karstvelo.sk\/wp-content\/uploads\/2023\/04\/sign-alt.256x256-150x150.png 150w\" sizes=\"auto, (max-width: 15px) 100vw, 15px\" \/> \u010coltovo<\/p>\n\n\n\n<p><img loading=\"lazy\" decoding=\"async\" width=\"15\" height=\"15\" class=\"wp-image-307\" style=\"width: 15px;\" src=\"https:\/\/karstvelo.sk\/wp-content\/uploads\/2023\/04\/sign-alt.256x256.png\" alt=\"\" srcset=\"https:\/\/karstvelo.sk\/wp-content\/uploads\/2023\/04\/sign-alt.256x256.png 256w, https:\/\/karstvelo.sk\/wp-content\/uploads\/2023\/04\/sign-alt.256x256-150x150.png 150w\" sizes=\"auto, (max-width: 15px) 100vw, 15px\" \/> Boh\u00fa\u0148ovo, Tiba<\/p>\n\n\n\n<p><img loading=\"lazy\" decoding=\"async\" width=\"15\" height=\"15\" class=\"wp-image-307\" style=\"width: 15px;\" src=\"https:\/\/karstvelo.sk\/wp-content\/uploads\/2023\/04\/sign-alt.256x256.png\" alt=\"\" srcset=\"https:\/\/karstvelo.sk\/wp-content\/uploads\/2023\/04\/sign-alt.256x256.png 256w, https:\/\/karstvelo.sk\/wp-content\/uploads\/2023\/04\/sign-alt.256x256-150x150.png 150w\" sizes=\"auto, (max-width: 15px) 100vw, 15px\" \/> Boh\u00fa\u0148ovo<\/p>\n\n\n\n<p><img loading=\"lazy\" decoding=\"async\" width=\"15\" height=\"15\" class=\"wp-image-307\" style=\"width: 15px;\" src=\"https:\/\/karstvelo.sk\/wp-content\/uploads\/2023\/04\/sign-alt.256x256.png\" alt=\"\" srcset=\"https:\/\/karstvelo.sk\/wp-content\/uploads\/2023\/04\/sign-alt.256x256.png 256w, https:\/\/karstvelo.sk\/wp-content\/uploads\/2023\/04\/sign-alt.256x256-150x150.png 150w\" sizes=\"auto, (max-width: 15px) 100vw, 15px\" \/> Gemersk\u00e1 H\u00f4rka<br><a href=\"https:\/\/karstvelo.sk\/?page_id=128\">029<\/a><br><a href=\"https:\/\/karstvelo.sk\/?page_id=149\">2702<\/a><br><a href=\"https:\/\/karstvelo.sk\/?page_id=217\">5703<\/a><br><a href=\"https:\/\/karstvelo.sk\/?page_id=223\">5711<\/a><\/p>\n\n\n\n<p><img loading=\"lazy\" decoding=\"async\" width=\"15\" height=\"15\" class=\"wp-image-307\" style=\"width: 15px;\" src=\"https:\/\/karstvelo.sk\/wp-content\/uploads\/2023\/04\/sign-alt.256x256.png\" alt=\"\" srcset=\"https:\/\/karstvelo.sk\/wp-content\/uploads\/2023\/04\/sign-alt.256x256.png 256w, https:\/\/karstvelo.sk\/wp-content\/uploads\/2023\/04\/sign-alt.256x256-150x150.png 150w\" sizes=\"auto, (max-width: 15px) 100vw, 15px\" \/> Pod Koniarom<br><a href=\"https:\/\/karstvelo.sk\/?page_id=128\">029<\/a><br><a href=\"https:\/\/karstvelo.sk\/?page_id=223\">5711<\/a><\/p>\n\n\n\n<p><img loading=\"lazy\" decoding=\"async\" width=\"15\" height=\"15\" class=\"wp-image-307\" style=\"width: 15px;\" src=\"https:\/\/karstvelo.sk\/wp-content\/uploads\/2023\/04\/sign-alt.256x256.png\" alt=\"\" srcset=\"https:\/\/karstvelo.sk\/wp-content\/uploads\/2023\/04\/sign-alt.256x256.png 256w, https:\/\/karstvelo.sk\/wp-content\/uploads\/2023\/04\/sign-alt.256x256-150x150.png 150w\" sizes=\"auto, (max-width: 15px) 100vw, 15px\" \/> Ple\u0161ivec, n\u00e1mestie <em>(221 m.n.m.)<\/em><br><a href=\"https:\/\/karstvelo.sk\/?page_id=128\">029<\/a><br><a href=\"https:\/\/karstvelo.sk\/?page_id=223\">5711<\/a><\/p>\n\n\n\n<p><img loading=\"lazy\" decoding=\"async\" width=\"15\" height=\"15\" class=\"wp-image-307\" style=\"width: 15px;\" src=\"https:\/\/karstvelo.sk\/wp-content\/uploads\/2023\/04\/sign-alt.256x256.png\" alt=\"\" srcset=\"https:\/\/karstvelo.sk\/wp-content\/uploads\/2023\/04\/sign-alt.256x256.png 256w, https:\/\/karstvelo.sk\/wp-content\/uploads\/2023\/04\/sign-alt.256x256-150x150.png 150w\" sizes=\"auto, (max-width: 15px) 100vw, 15px\" \/> Ple\u0161ivec, koniec obce <em>(214 m.n.m.)<\/em><\/p>\n\n\n\n<p><img loading=\"lazy\" decoding=\"async\" width=\"15\" height=\"15\" class=\"wp-image-307\" style=\"width: 15px;\" src=\"https:\/\/karstvelo.sk\/wp-content\/uploads\/2023\/04\/sign-alt.256x256.png\" alt=\"\" srcset=\"https:\/\/karstvelo.sk\/wp-content\/uploads\/2023\/04\/sign-alt.256x256.png 256w, https:\/\/karstvelo.sk\/wp-content\/uploads\/2023\/04\/sign-alt.256x256-150x150.png 150w\" sizes=\"auto, (max-width: 15px) 100vw, 15px\" \/> Gombaseck\u00e1 jasky\u0148a <em>(265m.n.m.)<\/em><\/p>\n\n\n\n<p><img loading=\"lazy\" decoding=\"async\" width=\"15\" height=\"15\" class=\"wp-image-307\" style=\"width: 15px;\" src=\"https:\/\/karstvelo.sk\/wp-content\/uploads\/2023\/04\/sign-alt.256x256.png\" alt=\"\" srcset=\"https:\/\/karstvelo.sk\/wp-content\/uploads\/2023\/04\/sign-alt.256x256.png 256w, https:\/\/karstvelo.sk\/wp-content\/uploads\/2023\/04\/sign-alt.256x256-150x150.png 150w\" sizes=\"auto, (max-width: 15px) 100vw, 15px\" \/> Gombasek <em>(267 m.n.m.)<\/em><br>8733<\/p>\n\n\n\n<p><img loading=\"lazy\" decoding=\"async\" width=\"15\" height=\"15\" class=\"wp-image-307\" style=\"width: 15px;\" src=\"https:\/\/karstvelo.sk\/wp-content\/uploads\/2023\/04\/sign-alt.256x256.png\" alt=\"\" srcset=\"https:\/\/karstvelo.sk\/wp-content\/uploads\/2023\/04\/sign-alt.256x256.png 256w, https:\/\/karstvelo.sk\/wp-content\/uploads\/2023\/04\/sign-alt.256x256-150x150.png 150w\" sizes=\"auto, (max-width: 15px) 100vw, 15px\" \/> Slavec &#8211; jasky\u0148a <em>(239 m.n.m.)<\/em><\/p>\n\n\n\n<p><img loading=\"lazy\" decoding=\"async\" width=\"15\" height=\"15\" class=\"wp-image-307\" style=\"width: 15px;\" src=\"https:\/\/karstvelo.sk\/wp-content\/uploads\/2023\/04\/sign-alt.256x256.png\" alt=\"\" srcset=\"https:\/\/karstvelo.sk\/wp-content\/uploads\/2023\/04\/sign-alt.256x256.png 256w, https:\/\/karstvelo.sk\/wp-content\/uploads\/2023\/04\/sign-alt.256x256-150x150.png 150w\" sizes=\"auto, (max-width: 15px) 100vw, 15px\" \/> Brzot\u00edn<\/p>\n\n\n\n<p><img loading=\"lazy\" decoding=\"async\" width=\"15\" height=\"15\" class=\"wp-image-307\" style=\"width: 15px;\" src=\"https:\/\/karstvelo.sk\/wp-content\/uploads\/2023\/04\/sign-alt.256x256.png\" alt=\"\" srcset=\"https:\/\/karstvelo.sk\/wp-content\/uploads\/2023\/04\/sign-alt.256x256.png 256w, https:\/\/karstvelo.sk\/wp-content\/uploads\/2023\/04\/sign-alt.256x256-150x150.png 150w\" sizes=\"auto, (max-width: 15px) 100vw, 15px\" \/> Kru\u017en\u00e1<br><a href=\"https:\/\/karstvelo.sk\/?page_id=223\">5711<\/a><\/p>\n\n\n\n<p><img loading=\"lazy\" decoding=\"async\" width=\"15\" height=\"15\" class=\"wp-image-307\" style=\"width: 15px;\" src=\"https:\/\/karstvelo.sk\/wp-content\/uploads\/2023\/04\/sign-alt.256x256.png\" alt=\"\" srcset=\"https:\/\/karstvelo.sk\/wp-content\/uploads\/2023\/04\/sign-alt.256x256.png 256w, https:\/\/karstvelo.sk\/wp-content\/uploads\/2023\/04\/sign-alt.256x256-150x150.png 150w\" sizes=\"auto, (max-width: 15px) 100vw, 15px\" \/> Brzot\u00edn<\/p>\n\n\n\n<p><img loading=\"lazy\" decoding=\"async\" width=\"15\" height=\"15\" class=\"wp-image-307\" style=\"width: 15px;\" src=\"https:\/\/karstvelo.sk\/wp-content\/uploads\/2023\/04\/sign-alt.256x256.png\" alt=\"\" srcset=\"https:\/\/karstvelo.sk\/wp-content\/uploads\/2023\/04\/sign-alt.256x256.png 256w, https:\/\/karstvelo.sk\/wp-content\/uploads\/2023\/04\/sign-alt.256x256-150x150.png 150w\" sizes=\"auto, (max-width: 15px) 100vw, 15px\" \/> Brzot\u00edn, Jovick\u00e1 cesta <em>(271 m.n.m.)<\/em><br>8702<\/p>\n\n\n\n<p><img loading=\"lazy\" decoding=\"async\" width=\"15\" height=\"15\" class=\"wp-image-307\" style=\"width: 15px;\" src=\"https:\/\/karstvelo.sk\/wp-content\/uploads\/2023\/04\/sign-alt.256x256.png\" alt=\"\" srcset=\"https:\/\/karstvelo.sk\/wp-content\/uploads\/2023\/04\/sign-alt.256x256.png 256w, https:\/\/karstvelo.sk\/wp-content\/uploads\/2023\/04\/sign-alt.256x256-150x150.png 150w\" sizes=\"auto, (max-width: 15px) 100vw, 15px\" \/> Lipovn\u00edk <em>(336 m.n.m.)<\/em><\/p>\n\n\n\n<p><img loading=\"lazy\" decoding=\"async\" width=\"15\" height=\"15\" class=\"wp-image-307\" style=\"width: 15px;\" src=\"https:\/\/karstvelo.sk\/wp-content\/uploads\/2023\/04\/sign-alt.256x256.png\" alt=\"\" srcset=\"https:\/\/karstvelo.sk\/wp-content\/uploads\/2023\/04\/sign-alt.256x256.png 256w, https:\/\/karstvelo.sk\/wp-content\/uploads\/2023\/04\/sign-alt.256x256-150x150.png 150w\" sizes=\"auto, (max-width: 15px) 100vw, 15px\" \/> Drnava <em>(377 m.n.m.)<\/em><br><a href=\"https:\/\/karstvelo.sk\/?page_id=128\">029<\/a><\/p>\n","protected":false},"excerpt":{"rendered":"<p>53,7 km Torna\u013ea \u2013 Gemersk\u00e1 H\u00f4rka \u2013 Ple\u0161ivec \u2013 Brzot\u00edn \u2013 Drnava freemap.sk\/2701 Torna\u013ea, k\u00fapalisko5704 Torna\u013ea5704 Gemer Gemersk\u00e1 panica5703 \u010coltovo Boh\u00fa\u0148ovo, Tiba Boh\u00fa\u0148ovo Gemersk\u00e1 H\u00f4rka029270257035711 Pod Koniarom0295711 Ple\u0161ivec, n\u00e1mestie (221 m.n.m.)0295711 Ple\u0161ivec, koniec obce (214 m.n.m.) Gombaseck\u00e1 jasky\u0148a (265m.n.m.) Gombasek (267 m.n.m.)8733 Slavec &#8211; jasky\u0148a (239 m.n.m.) Brzot\u00edn Kru\u017en\u00e15711 Brzot\u00edn Brzot\u00edn, Jovick\u00e1 cesta (271 m.n.m.)8702 [&hellip;]<\/p>\n","protected":false},"author":1,"featured_media":0,"parent":14,"menu_order":0,"comment_status":"closed","ping_status":"closed","template":"","meta":{"footnotes":""},"class_list":["post-146","page","type-page","status-publish","hentry"],"_links":{"self":[{"href":"https:\/\/karstvelo.sk\/index.php?rest_route=\/wp\/v2\/pages\/146","targetHints":{"allow":["GET"]}}],"collection":[{"href":"https:\/\/karstvelo.sk\/index.php?rest_route=\/wp\/v2\/pages"}],"about":[{"href":"https:\/\/karstvelo.sk\/index.php?rest_route=\/wp\/v2\/types\/page"}],"author":[{"embeddable":true,"href":"https:\/\/karstvelo.sk\/index.php?rest_route=\/wp\/v2\/users\/1"}],"replies":[{"embeddable":true,"href":"https:\/\/karstvelo.sk\/index.php?rest_route=%2Fwp%2Fv2%2Fcomments&post=146"}],"version-history":[{"count":5,"href":"https:\/\/karstvelo.sk\/index.php?rest_route=\/wp\/v2\/pages\/146\/revisions"}],"predecessor-version":[{"id":444,"href":"https:\/\/karstvelo.sk\/index.php?rest_route=\/wp\/v2\/pages\/146\/revisions\/444"}],"up":[{"embeddable":true,"href":"https:\/\/karstvelo.sk\/index.php?rest_route=\/wp\/v2\/pages\/14"}],"wp:attachment":[{"href":"https:\/\/karstvelo.sk\/index.php?rest_route=%2Fwp%2Fv2%2Fmedia&parent=146"}],"curies":[{"name":"wp","href":"https:\/\/api.w.org\/{rel}","templated":true}]}}