{"id":213,"date":"2023-03-29T21:00:30","date_gmt":"2023-03-29T19:00:30","guid":{"rendered":"https:\/\/karstvelo.sk\/?page_id=213"},"modified":"2026-03-16T13:42:59","modified_gmt":"2026-03-16T12:42:59","slug":"5709-2","status":"publish","type":"page","link":"https:\/\/karstvelo.sk\/?page_id=213","title":{"rendered":"5702 &#8211; Popod Radzim cez Dob\u0161insk\u00fd kopec k Dob\u0161inskej \u013eadovej jaskyni"},"content":{"rendered":"\n<figure class=\"wp-block-image size-full\"><img loading=\"lazy\" decoding=\"async\" width=\"60\" height=\"60\" src=\"https:\/\/karstvelo.sk\/wp-content\/uploads\/2023\/05\/piktogram_zelena_trasa_biele_pozadie.jpg\" alt=\"\" class=\"wp-image-362\"\/><\/figure>\n\n\n\n<h4 class=\"wp-block-heading\">47,8 km<\/h4>\n\n\n\n<p>Voniarky &#8211; Dob\u0161insk\u00e1 \u013eadov\u00e1 jasky\u0148a &#8211; Dob\u0161in\u00e1 &#8211; Ro\u0161t\u00e1r<\/p>\n\n\n\n<p><a href=\"https:\/\/www.freemap.sk\/#&amp;layers=X&amp;osm-relation=3603185\">freemap.sk\/5702<\/a><\/p>\n\n\n\n<iframe src=\"https:\/\/www.freemap.sk\/#&#038;layers=X&#038;osm-relation=3603185&#038;embed=noMapSwitch\" style=\"width: 100%; height: 700px; border: 0\" allowfullscreen><\/iframe>\n\n\n\n<p><\/p>\n","protected":false},"excerpt":{"rendered":"<p>47,8 km Voniarky &#8211; Dob\u0161insk\u00e1 \u013eadov\u00e1 jasky\u0148a &#8211; Dob\u0161in\u00e1 &#8211; Ro\u0161t\u00e1r freemap.sk\/5702<\/p>\n","protected":false},"author":1,"featured_media":0,"parent":14,"menu_order":0,"comment_status":"closed","ping_status":"closed","template":"","meta":{"footnotes":""},"class_list":["post-213","page","type-page","status-publish","hentry"],"_links":{"self":[{"href":"https:\/\/karstvelo.sk\/index.php?rest_route=\/wp\/v2\/pages\/213","targetHints":{"allow":["GET"]}}],"collection":[{"href":"https:\/\/karstvelo.sk\/index.php?rest_route=\/wp\/v2\/pages"}],"about":[{"href":"https:\/\/karstvelo.sk\/index.php?rest_route=\/wp\/v2\/types\/page"}],"author":[{"embeddable":true,"href":"https:\/\/karstvelo.sk\/index.php?rest_route=\/wp\/v2\/users\/1"}],"replies":[{"embeddable":true,"href":"https:\/\/karstvelo.sk\/index.php?rest_route=%2Fwp%2Fv2%2Fcomments&post=213"}],"version-history":[{"count":5,"href":"https:\/\/karstvelo.sk\/index.php?rest_route=\/wp\/v2\/pages\/213\/revisions"}],"predecessor-version":[{"id":390,"href":"https:\/\/karstvelo.sk\/index.php?rest_route=\/wp\/v2\/pages\/213\/revisions\/390"}],"up":[{"embeddable":true,"href":"https:\/\/karstvelo.sk\/index.php?rest_route=\/wp\/v2\/pages\/14"}],"wp:attachment":[{"href":"https:\/\/karstvelo.sk\/index.php?rest_route=%2Fwp%2Fv2%2Fmedia&parent=213"}],"curies":[{"name":"wp","href":"https:\/\/api.w.org\/{rel}","templated":true}]}}