{"id":484,"date":"2023-08-17T08:49:42","date_gmt":"2023-08-17T06:49:42","guid":{"rendered":"https:\/\/karstvelo.sk\/?page_id=484"},"modified":"2026-03-16T13:42:06","modified_gmt":"2026-03-16T12:42:06","slug":"8702-roznavska-spojka","status":"publish","type":"page","link":"https:\/\/karstvelo.sk\/?page_id=484","title":{"rendered":"8702 &#8211; Ro\u017e\u0148avsk\u00e1 spojka"},"content":{"rendered":"\n<figure class=\"wp-block-image size-full\"><img loading=\"lazy\" decoding=\"async\" width=\"60\" height=\"60\" src=\"https:\/\/karstvelo.sk\/wp-content\/uploads\/2023\/05\/piktogram_zlta_trasa.jpg\" alt=\"\" class=\"wp-image-360\"\/><\/figure>\n\n\n\n<h4 class=\"wp-block-heading\">5,6 km<\/h4>\n\n\n\n<p>Brzot\u00edn, Jovick\u00e1 cesta &#8211; Ro\u017e\u0148ava, nemocnica<\/p>\n\n\n\n<p><a href=\"https:\/\/www.freemap.sk\/#&amp;layers=X&amp;osm-relation=12428436\">freemap.sk\/8702<\/a><\/p>\n\n\n\n<iframe src=\"https:\/\/www.freemap.sk\/#&#038;layers=X&#038;osm-relation=12428436&#038;embed=noMapSwitch\" style=\"width: 100%; height: 700px; border: 0\" allowfullscreen><\/iframe>\n","protected":false},"excerpt":{"rendered":"<p>5,6 km Brzot\u00edn, Jovick\u00e1 cesta &#8211; Ro\u017e\u0148ava, nemocnica freemap.sk\/8702<\/p>\n","protected":false},"author":1,"featured_media":0,"parent":14,"menu_order":0,"comment_status":"closed","ping_status":"closed","template":"","meta":{"footnotes":""},"class_list":["post-484","page","type-page","status-publish","hentry"],"_links":{"self":[{"href":"https:\/\/karstvelo.sk\/index.php?rest_route=\/wp\/v2\/pages\/484","targetHints":{"allow":["GET"]}}],"collection":[{"href":"https:\/\/karstvelo.sk\/index.php?rest_route=\/wp\/v2\/pages"}],"about":[{"href":"https:\/\/karstvelo.sk\/index.php?rest_route=\/wp\/v2\/types\/page"}],"author":[{"embeddable":true,"href":"https:\/\/karstvelo.sk\/index.php?rest_route=\/wp\/v2\/users\/1"}],"replies":[{"embeddable":true,"href":"https:\/\/karstvelo.sk\/index.php?rest_route=%2Fwp%2Fv2%2Fcomments&post=484"}],"version-history":[{"count":3,"href":"https:\/\/karstvelo.sk\/index.php?rest_route=\/wp\/v2\/pages\/484\/revisions"}],"predecessor-version":[{"id":734,"href":"https:\/\/karstvelo.sk\/index.php?rest_route=\/wp\/v2\/pages\/484\/revisions\/734"}],"up":[{"embeddable":true,"href":"https:\/\/karstvelo.sk\/index.php?rest_route=\/wp\/v2\/pages\/14"}],"wp:attachment":[{"href":"https:\/\/karstvelo.sk\/index.php?rest_route=%2Fwp%2Fv2%2Fmedia&parent=484"}],"curies":[{"name":"wp","href":"https:\/\/api.w.org\/{rel}","templated":true}]}}