{"id":597,"date":"2023-10-18T21:49:57","date_gmt":"2023-10-18T19:49:57","guid":{"rendered":"https:\/\/karstvelo.sk\/?page_id=597"},"modified":"2026-03-16T13:42:40","modified_gmt":"2026-03-16T12:42:40","slug":"1-plesiveckou-planinou","status":"publish","type":"page","link":"https:\/\/karstvelo.sk\/?page_id=597","title":{"rendered":"#1 Ple\u0161iveckou planinou"},"content":{"rendered":"\n<p>Za\u010d\u00edname v&nbsp;Ple\u0161ivci. Auto odpor\u00fa\u010dame necha\u0165 na n\u00e1mest\u00ed. Pokia\u013e pr\u00eddete vlakom, parkovanie rie\u0161i\u0165 nemus\u00edte. Z Ple\u0161ivca pomal\u00fdm st\u00fapan\u00edm \u26f0\ufe0f zelenou cyklotrasou 5711 po asfaltovej ceste vyjdeme na Ple\u0161iveck\u00fa planinu. Cesta sa ku koncu men\u00ed na pevn\u00fa lesn\u00fa cestu. Na planine n\u00e1s \u010dakaj\u00fa cesty cez l\u00faky a&nbsp;lesy hore dolu \ud83c\udfde\ufe0f. Po ceste prejdeme okolo Ser\u00e9nyiho cisterny, ktor\u00e1 sl\u00fa\u017eila na nap\u00e1janie dobytka \u26f2. Na severnom konci planiny n\u00e1s \u010dak\u00e1 v\u00fdh\u013ead z&nbsp;Gerla\u0161skej skaly (na konci je nutn\u00e9 z\u00eds\u0165 z&nbsp;bicykla a&nbsp;prejs\u0165 100 metrov pe\u0161o). Pokra\u010dujeme po planine a n\u00e1sledne sa spust\u00edme do Kru\u017enej. Tu sa rozhodneme, \u010di sa vr\u00e1time a\u017e do Ple\u0161ivca, alebo to vezmeme na stanicu do Ro\u017e\u0148avy, odkia\u013e sa zvezieme vlakom\ud83d\ude86. \u010ci sa rozhodneme tak alebo tak, p\u00f4jdeme u\u017e po modrej cyklotrase 2701. T\u00ed \u010do sa bud\u00fa vraca\u0165 a\u017e do Ple\u0161ivca, tak za Kru\u017enou narazia na Brzot\u00ednske rybn\u00edky odkia\u013e je n\u00e1dhern\u00fd poh\u013ead na Brzot\u00ednske skaly. Po starej asfaltovej ceste sa potom dostaneme z&nbsp;Kru\u017enej do Slavca. Zo Slavca pokra\u010dujeme ku Gombaseckej jaskyni. Tu si m\u00f4\u017eeme pozrie\u0165 ruiny Pavl\u00ednskeho kl\u00e1\u0161tora \ud83c\udff0 a&nbsp;okolie Gombaseckej jaskyne zap\u00edsanej v svetovom pr\u00edrodnom dedi\u010dstve UNESCO. N\u00e1sledne pokra\u010dujeme lesn\u00fdm chodn\u00edkom po cyklotrase 2701 a\u017e do Ple\u0161ivca.<\/p>\n\n\n\n<p>\ud83d\uddfa\ufe0f Ple\u0161ivec \u2013 Gerla\u0161sk\u00e1 skala \u2013 \u017delezni\u010dn\u00e1 stanica Ro\u017e\u0148ava <em>24,2 km <\/em><a href=\"https:\/\/sk.mapy.cz\/s\/dumaruzalu\">https:\/\/sk.mapy.cz\/s\/dumaruzalu<\/a><\/p>\n\n\n\n<p>\ud83d\uddfa\ufe0f Ple\u0161ivec \u2013 Gerla\u0161sk\u00e1 skala \u2013 Ple\u0161ivec <em>37,6 km<\/em> <a href=\"https:\/\/sk.mapy.cz\/s\/fotofozapu\">https:\/\/sk.mapy.cz\/s\/fotofozapu<\/a>&nbsp;<\/p>\n\n\n\n<p>\ud83d\udcc8 N\u00e1ro\u010dnos\u0165 3\/5<\/p>\n\n\n\n<p>\ud83e\udd57 Mo\u017enosti ob\u010derstvenia: Pizza \/ Kebab \/ Burger Ple\u0161ivec<\/p>\n","protected":false},"excerpt":{"rendered":"<p>Za\u010d\u00edname v&nbsp;Ple\u0161ivci. Auto odpor\u00fa\u010dame necha\u0165 na n\u00e1mest\u00ed. Pokia\u013e pr\u00eddete vlakom, parkovanie rie\u0161i\u0165 nemus\u00edte. Z Ple\u0161ivca pomal\u00fdm st\u00fapan\u00edm \u26f0\ufe0f zelenou cyklotrasou 5711 po asfaltovej ceste vyjdeme na Ple\u0161iveck\u00fa planinu. Cesta sa ku koncu men\u00ed na pevn\u00fa lesn\u00fa cestu. Na planine n\u00e1s \u010dakaj\u00fa cesty cez l\u00faky a&nbsp;lesy hore dolu \ud83c\udfde\ufe0f. Po ceste prejdeme okolo Ser\u00e9nyiho cisterny, ktor\u00e1 [&hellip;]<\/p>\n","protected":false},"author":1,"featured_media":0,"parent":470,"menu_order":0,"comment_status":"closed","ping_status":"closed","template":"","meta":{"footnotes":""},"class_list":["post-597","page","type-page","status-publish","hentry"],"_links":{"self":[{"href":"https:\/\/karstvelo.sk\/index.php?rest_route=\/wp\/v2\/pages\/597","targetHints":{"allow":["GET"]}}],"collection":[{"href":"https:\/\/karstvelo.sk\/index.php?rest_route=\/wp\/v2\/pages"}],"about":[{"href":"https:\/\/karstvelo.sk\/index.php?rest_route=\/wp\/v2\/types\/page"}],"author":[{"embeddable":true,"href":"https:\/\/karstvelo.sk\/index.php?rest_route=\/wp\/v2\/users\/1"}],"replies":[{"embeddable":true,"href":"https:\/\/karstvelo.sk\/index.php?rest_route=%2Fwp%2Fv2%2Fcomments&post=597"}],"version-history":[{"count":2,"href":"https:\/\/karstvelo.sk\/index.php?rest_route=\/wp\/v2\/pages\/597\/revisions"}],"predecessor-version":[{"id":627,"href":"https:\/\/karstvelo.sk\/index.php?rest_route=\/wp\/v2\/pages\/597\/revisions\/627"}],"up":[{"embeddable":true,"href":"https:\/\/karstvelo.sk\/index.php?rest_route=\/wp\/v2\/pages\/470"}],"wp:attachment":[{"href":"https:\/\/karstvelo.sk\/index.php?rest_route=%2Fwp%2Fv2%2Fmedia&parent=597"}],"curies":[{"name":"wp","href":"https:\/\/api.w.org\/{rel}","templated":true}]}}