{"id":603,"date":"2023-10-18T21:51:54","date_gmt":"2023-10-18T19:51:54","guid":{"rendered":"https:\/\/karstvelo.sk\/?page_id=603"},"modified":"2026-03-16T13:42:40","modified_gmt":"2026-03-16T12:42:40","slug":"3-koniarskou-planinou","status":"publish","type":"page","link":"https:\/\/karstvelo.sk\/?page_id=603","title":{"rendered":"#3 Koniarskou planinou"},"content":{"rendered":"\n<p>Za\u010d\u00edname v Ple\u0161ivci. Do Ple\u0161ivca sa viete dosta\u0165 vlakom, alebo autom, ktor\u00e9 je mo\u017en\u00e9 necha\u0165 na n\u00e1mest\u00ed. Tu sme si pre v\u00e1s pripravili dve varianty trasy.\u00a0<\/p>\n\n\n\n<p>T\u00ed, ktor\u00ed sa rozhodn\u00fa \u00eds\u0165 menej n\u00e1ro\u010dnou trasou zamieria na smer Rev\u00faca po modrej 2701 s\u00fabe\u017enou so zelenou 5711. V Gemerskej H\u00f4rke sa n\u00e1m zmen\u00ed \u010d\u00edslo zelenej trasy na 5703. Po prejden\u00ed obce, vy\u0161lapan\u00ed kopca, prejden\u00ed \u017eelezni\u010dn\u00e9ho priecestia \ud83d\ude86 a jemn\u00e9ho zjazdu nezabudnite odbo\u010di\u0165 pred mostom doprava \u27a1\ufe0f. Nach\u00e1dza sa tu aj smerovn\u00edk, ktor\u00fd n\u00e1m nazna\u010d\u00ed, \u017ee sa od tohto bodu budeme pohybova\u0165 po zelenej cyklotrase 5724. Z\u00eddeme z asfaltovej cesty na cestu lesn\u00fa. Prejdeme cez l\u00faku, potom popri poli a vojdeme do lesa \ud83c\udf33. Ocitneme sa v sedle H\u00f4rky a Koniara. Odtia\u013eto sa m\u00f4\u017eeme pe\u0161o prejs\u0165 na vrch H\u00f4rka, odkia\u013e je pekn\u00fd v\u00fdh\u013ead . Zo sedla za\u010dneme st\u00fapa\u0165 na Koniarsku planinu. Cyklotrasa n\u00e1s prevedie po Koniarskej planine a n\u00e1sledne sa spust\u00edme do Pa\u0161kovej. Odtia\u013eto sa po ceste druhej triedy a z\u00e1rove\u0148 \u010dervenej Cyklomagistr\u00e1le Slovensk\u00fd kras 029 vr\u00e1time sp\u00e4\u0165 do Ple\u0161ivca.<\/p>\n\n\n\n<p>\ud83d\uddfa\ufe0f Ple\u0161ivec &#8211; Gemersk\u00e1 H\u00f4rka &#8211; Sedlo H\u00f4rky a Koniara &#8211; Pa\u0161kov\u00e1 &#8211; Ple\u0161ivec <em>23,1 km<\/em> <a href=\"https:\/\/sk.mapy.cz\/s\/duzofonale\">https:\/\/sk.mapy.cz\/s\/duzofonale<\/a><\/p>\n\n\n\n<p>\ud83d\udcc9 N\u00e1ro\u010dnos\u0165 3\/5<\/p>\n\n\n\n<p>N\u00e1ro\u010dnej\u0161ia trasa smeruje po Cyklomagistr\u00e1le Slovensk\u00fd kras 029 smer Pa\u0161kov\u00e1, Kunova Teplica a pred \u0160t\u00edtnikom odbo\u010d\u00edme do\u013eava smer Hr\u00e1dok \u2b05\ufe0f. Tu z\u00eddeme z \u010dervenej Cyklomagistr\u00e1ly. N\u00e1sledne st\u00fapame a\u017e po odbo\u010dku na Rozlo\u017en\u00fa. Spust\u00edme sa do Go\u010daltova, odkia\u013e n\u00e1s znova \u010dak\u00e1 st\u00fapanie a\u017e do sedla Hr\u00e1dok. Tu sa dost\u00e1vame na modr\u00fa cyklotrasu 2702. Na bli\u017esom z jej koncov sa nach\u00e1dza Ochtinsk\u00e1 aragonitov\u00e1 jasky\u0148a ku ktorej sa m\u00f4\u017eeme previes\u0165, ke\u010f\u017ee je to k nej u\u017e len 2,4 km \ud83d\udeb5. Doteraz sme \u0161li len po asfaltovej ceste. Teraz ale v\u00f4jdeme do lesa a p\u00f4jdeme po lesnej ceste. Modrou cyklotrasou sa po Koniarskej planine dostaneme a\u017e do Gemersk\u00e9ho sadu, odkia\u013e u\u017e znova p\u00f4jdeme len po asfaltovej ceste. Po cyklotrase prejdeme do Huc\u00edna. Na kri\u017eovatke ciest odbo\u010d\u00edme na Gemersk\u00fa H\u00f4rku. Po dlhej ceste a prechode dvoch \u017eelezni\u010dn\u00fdch priecest\u00ed sa spust\u00edme \u2198\ufe0f do Gemerskej H\u00f4rky odkia\u013e dobicyklujeme na za\u010diatok na\u0161ej cesty, do Ple\u0161ivca.<\/p>\n\n\n\n<p>\ud83d\uddfa\ufe0f Ple\u0161ivec &#8211; \u0160t\u00edtnik &#8211; Hr\u00e1dok &#8211; Huc\u00edn &#8211; Ple\u0161ivec <em>52,3 km<\/em> <a href=\"https:\/\/sk.mapy.cz\/s\/gasatupavo\">https:\/\/sk.mapy.cz\/s\/gasatupavo<\/a><\/p>\n\n\n\n<p>\ud83d\udcc8 N\u00e1ro\u010dnos\u0165 4\/5<\/p>\n\n\n\n<p>Obe trasy je mo\u017en\u00e9 absolvova\u0165 aj v opa\u010dnom smere. Pri n\u00e1ro\u010dnej\u0161ej trase to ale neodpor\u00fa\u010dame, preto\u017ee n\u00e1ro\u010dnos\u0165 potom st\u00fapne na \ud83d\udcc8 5\/5.<\/p>\n\n\n\n<p>\ud83e\udd57 Mo\u017enosti ob\u010derstvenia: Pizza \/ Kebab \/ Burger Ple\u0161ivec<\/p>\n","protected":false},"excerpt":{"rendered":"<p>Za\u010d\u00edname v Ple\u0161ivci. Do Ple\u0161ivca sa viete dosta\u0165 vlakom, alebo autom, ktor\u00e9 je mo\u017en\u00e9 necha\u0165 na n\u00e1mest\u00ed. Tu sme si pre v\u00e1s pripravili dve varianty trasy.\u00a0 T\u00ed, ktor\u00ed sa rozhodn\u00fa \u00eds\u0165 menej n\u00e1ro\u010dnou trasou zamieria na smer Rev\u00faca po modrej 2701 s\u00fabe\u017enou so zelenou 5711. V Gemerskej H\u00f4rke sa n\u00e1m zmen\u00ed \u010d\u00edslo zelenej trasy na [&hellip;]<\/p>\n","protected":false},"author":1,"featured_media":0,"parent":470,"menu_order":0,"comment_status":"closed","ping_status":"closed","template":"","meta":{"footnotes":""},"class_list":["post-603","page","type-page","status-publish","hentry"],"_links":{"self":[{"href":"https:\/\/karstvelo.sk\/index.php?rest_route=\/wp\/v2\/pages\/603","targetHints":{"allow":["GET"]}}],"collection":[{"href":"https:\/\/karstvelo.sk\/index.php?rest_route=\/wp\/v2\/pages"}],"about":[{"href":"https:\/\/karstvelo.sk\/index.php?rest_route=\/wp\/v2\/types\/page"}],"author":[{"embeddable":true,"href":"https:\/\/karstvelo.sk\/index.php?rest_route=\/wp\/v2\/users\/1"}],"replies":[{"embeddable":true,"href":"https:\/\/karstvelo.sk\/index.php?rest_route=%2Fwp%2Fv2%2Fcomments&post=603"}],"version-history":[{"count":6,"href":"https:\/\/karstvelo.sk\/index.php?rest_route=\/wp\/v2\/pages\/603\/revisions"}],"predecessor-version":[{"id":743,"href":"https:\/\/karstvelo.sk\/index.php?rest_route=\/wp\/v2\/pages\/603\/revisions\/743"}],"up":[{"embeddable":true,"href":"https:\/\/karstvelo.sk\/index.php?rest_route=\/wp\/v2\/pages\/470"}],"wp:attachment":[{"href":"https:\/\/karstvelo.sk\/index.php?rest_route=%2Fwp%2Fv2%2Fmedia&parent=603"}],"curies":[{"name":"wp","href":"https:\/\/api.w.org\/{rel}","templated":true}]}}