{"id":606,"date":"2023-10-18T21:52:30","date_gmt":"2023-10-18T19:52:30","guid":{"rendered":"https:\/\/karstvelo.sk\/?page_id=606"},"modified":"2026-03-16T13:42:41","modified_gmt":"2026-03-16T12:42:41","slug":"4-udolim-cremosnej","status":"publish","type":"page","link":"https:\/\/karstvelo.sk\/?page_id=606","title":{"rendered":"#4 \u00dadol\u00edm \u010cremo\u0161nej"},"content":{"rendered":"\n<p>Za\u010da\u0165 odpor\u00fa\u010dame v Drnave. Dostanete sa tu autom, alebo bicyklom z Ro\u017e\u0148avy. V Drnave n\u00e1jdete mnoh\u00e9 pamiatky, ktor\u00e9 stoja za n\u00e1v\u0161tevu. Bicyklom sa dostanete k v\u00e4\u010d\u0161ine z nich. Odpor\u00fa\u010dame nav\u0161t\u00edvi\u0165 aj oddychov\u00e9 miesto pri b\u00fdvalej bani D\u00e9nes \u2692\ufe0f. Po \u010dervenej Cyklomagistr\u00e1le Slovensk\u00fd kras sa n\u00e1sledne presu\u0148te do Kov\u00e1\u010dovej, kde sa nach\u00e1dza vodn\u00fd mlyn, kde je mo\u017en\u00e9 absolvova\u0165 aj jeho prehliadku. N\u00e1sledne e\u0161te odpor\u00fa\u010dame pokra\u010dova\u0165 po \u010dervenej a na odbo\u010dke odbo\u010di\u0165 do L\u00fa\u010dky, kde sa nach\u00e1dza zr\u00facanina Husitsk\u00e9ho kostol\u00edka\u26ea. Ku kostolu vedie n\u00e1ro\u010dnej\u0161ie st\u00fapanie. N\u00e1sledne sa po trase kadia\u013e sme pri\u0161li spust\u00edme sp\u00e4\u0165 do Drnavy. Pre t\u00fdch, ktor\u00fdm by bol v\u00fdlet kr\u00e1tky\ud83d\udeb5, si m\u00f4\u017eu trasu pred\u013a\u017ei\u0165 a\u017e ku kaplnke nad obcou B\u00f4rka, kadia\u013e pokra\u010duje aj \u010derven\u00e1 cyklotrasa 029.<\/p>\n\n\n\n<p>\ud83d\uddfa\ufe0f Drnava &#8211; Kov\u00e1\u010dov\u00e1 &#8211; L\u00fa\u010dka a sp\u00e4\u0165 <em>14,6 km<\/em> <a href=\"https:\/\/sk.mapy.cz\/s\/herubopeso\">https:\/\/sk.mapy.cz\/s\/herubopeso<\/a><\/p>\n\n\n\n<p>\ud83d\udcc8 N\u00e1ro\u010dnos\u0165 2\/5<\/p>\n\n\n\n<p>\ud83c\udf70 Mo\u017enosti ob\u010derstvenia: kaviare\u0148 Kispest <a href=\"https:\/\/sk.mapy.cz\/s\/novalacape\">https:\/\/sk.mapy.cz\/s\/novalacape<\/a><\/p>\n","protected":false},"excerpt":{"rendered":"<p>Za\u010da\u0165 odpor\u00fa\u010dame v Drnave. Dostanete sa tu autom, alebo bicyklom z Ro\u017e\u0148avy. V Drnave n\u00e1jdete mnoh\u00e9 pamiatky, ktor\u00e9 stoja za n\u00e1v\u0161tevu. Bicyklom sa dostanete k v\u00e4\u010d\u0161ine z nich. Odpor\u00fa\u010dame nav\u0161t\u00edvi\u0165 aj oddychov\u00e9 miesto pri b\u00fdvalej bani D\u00e9nes \u2692\ufe0f. Po \u010dervenej Cyklomagistr\u00e1le Slovensk\u00fd kras sa n\u00e1sledne presu\u0148te do Kov\u00e1\u010dovej, kde sa nach\u00e1dza vodn\u00fd mlyn, kde je [&hellip;]<\/p>\n","protected":false},"author":1,"featured_media":0,"parent":470,"menu_order":0,"comment_status":"closed","ping_status":"closed","template":"","meta":{"footnotes":""},"class_list":["post-606","page","type-page","status-publish","hentry"],"_links":{"self":[{"href":"https:\/\/karstvelo.sk\/index.php?rest_route=\/wp\/v2\/pages\/606","targetHints":{"allow":["GET"]}}],"collection":[{"href":"https:\/\/karstvelo.sk\/index.php?rest_route=\/wp\/v2\/pages"}],"about":[{"href":"https:\/\/karstvelo.sk\/index.php?rest_route=\/wp\/v2\/types\/page"}],"author":[{"embeddable":true,"href":"https:\/\/karstvelo.sk\/index.php?rest_route=\/wp\/v2\/users\/1"}],"replies":[{"embeddable":true,"href":"https:\/\/karstvelo.sk\/index.php?rest_route=%2Fwp%2Fv2%2Fcomments&post=606"}],"version-history":[{"count":3,"href":"https:\/\/karstvelo.sk\/index.php?rest_route=\/wp\/v2\/pages\/606\/revisions"}],"predecessor-version":[{"id":744,"href":"https:\/\/karstvelo.sk\/index.php?rest_route=\/wp\/v2\/pages\/606\/revisions\/744"}],"up":[{"embeddable":true,"href":"https:\/\/karstvelo.sk\/index.php?rest_route=\/wp\/v2\/pages\/470"}],"wp:attachment":[{"href":"https:\/\/karstvelo.sk\/index.php?rest_route=%2Fwp%2Fv2%2Fmedia&parent=606"}],"curies":[{"name":"wp","href":"https:\/\/api.w.org\/{rel}","templated":true}]}}