{"id":609,"date":"2023-10-18T21:52:52","date_gmt":"2023-10-18T19:52:52","guid":{"rendered":"https:\/\/karstvelo.sk\/?page_id=609"},"modified":"2026-03-16T13:42:41","modified_gmt":"2026-03-16T12:42:41","slug":"5-slavosovskym-tunelom","status":"publish","type":"page","link":"https:\/\/karstvelo.sk\/?page_id=609","title":{"rendered":"#5 Slavo\u0161ovsk\u00fdm tunelom"},"content":{"rendered":"\n<p>Mo\u017enost\u00ed ako ho absolvova\u0165 je viacero. Pre v\u00fdlet s de\u0165mi \ud83d\udc68\u200d\ud83d\udc69\u200d\ud83d\udc67\u200d\ud83d\udc66 odpor\u00fa\u010dame z\u00e1js\u0165 autom a\u017e k tunelu a odtia\u013eto sa zo Slavo\u0161ovskej strany spusti\u0165 dolu na Mn\u00ed\u0161ansk\u00fa stranu. Odpor\u00fa\u010dame pokra\u010dova\u0165 po cyklotrase a\u017e ku Kopr\u00e1\u0161kemu tunelu a Mn\u00ed\u0161ansk\u00e9mu viaduktu. N\u00e1sledne sa m\u00f4\u017eete vr\u00e1ti\u0165 ku autu \ud83d\ude97 a cestu tunelom absolvova\u0165 znova. Tentokr\u00e1t ale jemn\u00fdm st\u00fapan\u00edm.<\/p>\n\n\n\n<p>Pre n\u00e1ro\u010dnej\u0161\u00edch \ud83d\udeb5 odpor\u00fa\u010dame spravi\u0165 si okruh. \u010ci zvol\u00edte variantu cez sedlo Hr\u00e1dok (krat\u0161ia ale cez kopec), alebo cez Ple\u0161ivec (dlh\u0161ia, ale menej st\u00fapania) je na v\u00e1s.<\/p>\n\n\n\n<p>PS: Nezabudnite si so sebou zobra\u0165 svetlo \ud83d\udca1 (odpor\u00fa\u010dame \u010delovku).<\/p>\n\n\n\n<p>\ud83d\uddfa\ufe0f Slavo\u0161ovsk\u00fd tunel (Slavo\u0161ovsk\u00fd port\u00e1l) &#8211; Mn\u00ed\u0161ansk\u00fd viadukt a sp\u00e4\u0165 <em>9 km<\/em> <a href=\"https:\/\/sk.mapy.cz\/s\/gufuhokuza\">https:\/\/sk.mapy.cz\/s\/gufuhokuza<\/a><\/p>\n\n\n\n<p>\ud83d\udcc9 N\u00e1ro\u010dnos\u0165 1\/5<\/p>\n","protected":false},"excerpt":{"rendered":"<p>Mo\u017enost\u00ed ako ho absolvova\u0165 je viacero. Pre v\u00fdlet s de\u0165mi \ud83d\udc68\u200d\ud83d\udc69\u200d\ud83d\udc67\u200d\ud83d\udc66 odpor\u00fa\u010dame z\u00e1js\u0165 autom a\u017e k tunelu a odtia\u013eto sa zo Slavo\u0161ovskej strany spusti\u0165 dolu na Mn\u00ed\u0161ansk\u00fa stranu. Odpor\u00fa\u010dame pokra\u010dova\u0165 po cyklotrase a\u017e ku Kopr\u00e1\u0161kemu tunelu a Mn\u00ed\u0161ansk\u00e9mu viaduktu. N\u00e1sledne sa m\u00f4\u017eete vr\u00e1ti\u0165 ku autu \ud83d\ude97 a cestu tunelom absolvova\u0165 znova. Tentokr\u00e1t ale jemn\u00fdm st\u00fapan\u00edm. [&hellip;]<\/p>\n","protected":false},"author":1,"featured_media":0,"parent":470,"menu_order":0,"comment_status":"closed","ping_status":"closed","template":"","meta":{"footnotes":""},"class_list":["post-609","page","type-page","status-publish","hentry"],"_links":{"self":[{"href":"https:\/\/karstvelo.sk\/index.php?rest_route=\/wp\/v2\/pages\/609","targetHints":{"allow":["GET"]}}],"collection":[{"href":"https:\/\/karstvelo.sk\/index.php?rest_route=\/wp\/v2\/pages"}],"about":[{"href":"https:\/\/karstvelo.sk\/index.php?rest_route=\/wp\/v2\/types\/page"}],"author":[{"embeddable":true,"href":"https:\/\/karstvelo.sk\/index.php?rest_route=\/wp\/v2\/users\/1"}],"replies":[{"embeddable":true,"href":"https:\/\/karstvelo.sk\/index.php?rest_route=%2Fwp%2Fv2%2Fcomments&post=609"}],"version-history":[{"count":2,"href":"https:\/\/karstvelo.sk\/index.php?rest_route=\/wp\/v2\/pages\/609\/revisions"}],"predecessor-version":[{"id":637,"href":"https:\/\/karstvelo.sk\/index.php?rest_route=\/wp\/v2\/pages\/609\/revisions\/637"}],"up":[{"embeddable":true,"href":"https:\/\/karstvelo.sk\/index.php?rest_route=\/wp\/v2\/pages\/470"}],"wp:attachment":[{"href":"https:\/\/karstvelo.sk\/index.php?rest_route=%2Fwp%2Fv2%2Fmedia&parent=609"}],"curies":[{"name":"wp","href":"https:\/\/api.w.org\/{rel}","templated":true}]}}