{"id":615,"date":"2023-10-18T21:53:45","date_gmt":"2023-10-18T19:53:45","guid":{"rendered":"https:\/\/karstvelo.sk\/?page_id=615"},"modified":"2026-03-16T13:42:41","modified_gmt":"2026-03-16T12:42:41","slug":"7-ku-jaskyni-domica","status":"publish","type":"page","link":"https:\/\/karstvelo.sk\/?page_id=615","title":{"rendered":"#7 Ku jaskyni Domica"},"content":{"rendered":"\n<p>Za\u010d\u00edname v Ple\u0161ivci. Auto odpor\u00fa\u010dame necha\u0165 na n\u00e1mest\u00ed, alebo pr\u00ed\u010fte vlakom \ud83d\ude86. Vyd\u00e1me sa po \u010dervenej Cyklomagistr\u00e1le Slovensk\u00fd kras smerom na Ardovo. Na Dubine ale odbo\u010d\u00edme do\u013eava smerom na Silick\u00fa Brezov\u00fa. Pri ihrisku nad Ardovom objav\u00edme nov\u00fa cyklotrasu, ktor\u00e1 n\u00e1s prevedie cez Ardovo, kde sa nach\u00e1dza pekn\u00fd kostol\u00edk \u26ea. Za Ardovom sa znova vr\u00e1time na Cyklomagistr\u00e1lu a pokra\u010dujeme smer Domica. Po hlavnej ceste sa dostaneme a\u017e ku jaskyni. Tu sa n\u00e1m n\u00e1sledne cesta del\u00ed na 2 alternat\u00edvy. Pri krat\u0161ej n\u00e1s bude vies\u0165 zelen\u00e1 cyklotrasa 5704, ktor\u00e1 n\u00e1s pov\u00e4\u010d\u0161ine lesom \ud83c\udf33 zavedie a\u017e do Tornale. Alebo m\u00f4\u017eeme po ceste pokra\u010dova\u0165 a\u017e do Aggteleku \ud83c\udded\ud83c\uddfa, kde zabo\u010d\u00edme vpravo, prejdeme 2 kilometre po hlavnej ceste a znova zabo\u010d\u00edme vpravo do lesa. Chv\u00ed\u013eu p\u00f4jdeme po slovensko-ma\u010farskej hranici \ud83d\udec2 a z\u00e1rove\u0148 \u017eltej cyklotrase, ktor\u00e1 n\u00e1s privedie a\u017e do Tornale. Z Tornale sa z oboch varian trasy vraciame po modrej cyklotrase 2701, ktor\u00e1 n\u00e1s privedie a\u017e do Ple\u0161ivca.<\/p>\n\n\n\n<p>Pozn\u00e1mka: Dlh\u0161ia trasa vedie cez \u00fazemie Ma\u010farska, nezabudnite si preto pre istotu ob\u010dianky preukaz a de\u0165om cestovn\u00fd pas.<\/p>\n\n\n\n<p>\ud83d\uddfa\ufe0f Krat\u0161ia varianta -&gt; Ple\u0161ivec &#8211; Domica &#8211; Torna\u013ea &#8211; Ple\u0161ivec <em>39,7 km<\/em> <a href=\"https:\/\/sk.mapy.cz\/s\/bakegabeze\">https:\/\/sk.mapy.cz\/s\/bakegabeze<\/a><\/p>\n\n\n\n<p>\ud83d\uddfa\ufe0f Dlh\u0161ia varianta -&gt; Ple\u0161ivec &#8211; Domica &#8211; Aggtelek &#8211; Torna\u013ea &#8211; Ple\u0161ivec <em>45 km<\/em> <a href=\"https:\/\/sk.mapy.cz\/s\/bometujako\">https:\/\/sk.mapy.cz\/s\/bometujako<\/a><\/p>\n\n\n\n<p>\ud83d\udcc8 N\u00e1ro\u010dnos\u0165 3\/5<\/p>\n\n\n\n<p>\ud83e\udd57 Mo\u017enosti ob\u010derstvenia: Pizza \/ Kebab \/ Burger Ple\u0161ivec<\/p>\n","protected":false},"excerpt":{"rendered":"<p>Za\u010d\u00edname v Ple\u0161ivci. Auto odpor\u00fa\u010dame necha\u0165 na n\u00e1mest\u00ed, alebo pr\u00ed\u010fte vlakom \ud83d\ude86. Vyd\u00e1me sa po \u010dervenej Cyklomagistr\u00e1le Slovensk\u00fd kras smerom na Ardovo. Na Dubine ale odbo\u010d\u00edme do\u013eava smerom na Silick\u00fa Brezov\u00fa. Pri ihrisku nad Ardovom objav\u00edme nov\u00fa cyklotrasu, ktor\u00e1 n\u00e1s prevedie cez Ardovo, kde sa nach\u00e1dza pekn\u00fd kostol\u00edk \u26ea. Za Ardovom sa znova vr\u00e1time na [&hellip;]<\/p>\n","protected":false},"author":1,"featured_media":0,"parent":470,"menu_order":0,"comment_status":"closed","ping_status":"closed","template":"","meta":{"footnotes":""},"class_list":["post-615","page","type-page","status-publish","hentry"],"_links":{"self":[{"href":"https:\/\/karstvelo.sk\/index.php?rest_route=\/wp\/v2\/pages\/615","targetHints":{"allow":["GET"]}}],"collection":[{"href":"https:\/\/karstvelo.sk\/index.php?rest_route=\/wp\/v2\/pages"}],"about":[{"href":"https:\/\/karstvelo.sk\/index.php?rest_route=\/wp\/v2\/types\/page"}],"author":[{"embeddable":true,"href":"https:\/\/karstvelo.sk\/index.php?rest_route=\/wp\/v2\/users\/1"}],"replies":[{"embeddable":true,"href":"https:\/\/karstvelo.sk\/index.php?rest_route=%2Fwp%2Fv2%2Fcomments&post=615"}],"version-history":[{"count":2,"href":"https:\/\/karstvelo.sk\/index.php?rest_route=\/wp\/v2\/pages\/615\/revisions"}],"predecessor-version":[{"id":642,"href":"https:\/\/karstvelo.sk\/index.php?rest_route=\/wp\/v2\/pages\/615\/revisions\/642"}],"up":[{"embeddable":true,"href":"https:\/\/karstvelo.sk\/index.php?rest_route=\/wp\/v2\/pages\/470"}],"wp:attachment":[{"href":"https:\/\/karstvelo.sk\/index.php?rest_route=%2Fwp%2Fv2%2Fmedia&parent=615"}],"curies":[{"name":"wp","href":"https:\/\/api.w.org\/{rel}","templated":true}]}}