{"id":621,"date":"2023-10-18T21:54:40","date_gmt":"2023-10-18T19:54:40","guid":{"rendered":"https:\/\/karstvelo.sk\/?page_id=621"},"modified":"2026-03-16T13:42:41","modified_gmt":"2026-03-16T12:42:41","slug":"9-silickou-planinou","status":"publish","type":"page","link":"https:\/\/karstvelo.sk\/?page_id=621","title":{"rendered":"#9 Silickou planinou"},"content":{"rendered":"\n<p>Za\u010d\u00edname v obci Silica. Pre t\u00fdch, ktor\u00fd chc\u00fa t\u00fato trasu absolvova\u0165 ako okruh odpor\u00fa\u010dame necha\u0165 auto \ud83d\ude97 pri Gombaseckej jaskyni a za\u010da\u0165 odtia\u013e. Zo Silice sa vyberieme po modrej cyklotrase 2718. Hne\u010f za Silicou sa nach\u00e1dza Ja\u0161teri\u010die jazierko\ud83c\udf0a, nad ktor\u00fdm je kopec Fabi\u00e1nka, odkia\u013e je za jasn\u00e9ho po\u010dasia vidie\u0165 Kr\u00e1\u013eovu ho\u013eu, Tatry \u26f0\ufe0f \u010di Z\u00e1dielsku ties\u0148avu. Po cyklotrase n\u00e1sledne prejdeme okolo chaty Rakyta a napoj\u00edme sa na asfaltov\u00fa cestu, ktor\u00e1 n\u00e1s privedie a\u017e do Jablonovsk\u00e9ho sedla resp. na Soro\u0161ku. Menej zdatn\u00fdm odpor\u00fa\u010dame zjazd po starej ceste do Lipovn\u00edka, kde sa napoj\u00edte na cyklotrasu 2701, ktor\u00e1 V\u00e1s privedie sp\u00e4\u0165 ku Gombaseckej jaskyni\ud83e\udd87. T\u00ed, \u010do e\u0161te vl\u00e1dzu m\u00f4\u017eu pokra\u010dova\u0165 planinou Horn\u00e9ho vrchu \u010falej po cyklotrase. Po ceste sa odpor\u00fa\u010dame zastavi\u0165 na vyhliadke.&nbsp; Cyklotrasa v\u00e1s zavedie a\u017e ku kaplnke \u26ea nad obcou B\u00f4rka. Odtia\u013eto sa po cyklomagistr\u00e1le Slovensk\u00fd kras a n\u00e1sledne od Drnavy po modrej cyklotrase 2701 vr\u00e1time ku Gombaseckj jaskyni.<\/p>\n\n\n\n<p>Pre rodinn\u00fd v\u00fdlet \ud83d\udc68\u200d\ud83d\udc69\u200d\ud83d\udc67\u200d\ud83d\udc66 odpor\u00fa\u010dame absolvova\u0165 nen\u00e1ro\u010dn\u00fa trasu Sedlo Soro\u0161ka &#8211; chata Rakyta a sp\u00e4\u0165.<\/p>\n\n\n\n<p>\ud83d\uddfa\ufe0f Gombaseck\u00e1 jasky\u0148a &#8211; Silica &#8211; Soro\u0161ka &#8211; Gombaseck\u00e1 jasky\u0148a <em>43,1 km<\/em> <a href=\"https:\/\/sk.mapy.cz\/s\/lapulabucu\">https:\/\/sk.mapy.cz\/s\/lapulabucu<\/a><\/p>\n\n\n\n<p>\ud83d\uddfa\ufe0f Gombaseck\u00e1 jasky\u0148a &#8211; Silica &#8211; Soro\u0161ka &#8211; kaplnka B\u00f4rka &#8211; Gombaseck\u00e1 jasky\u0148a <em>73 km<\/em> <a href=\"https:\/\/sk.mapy.cz\/s\/fekosezudu\">https:\/\/sk.mapy.cz\/s\/fekosezudu<\/a><\/p>\n\n\n\n<p>\ud83d\uddfa\ufe0f Trasa s de\u0165mi (na trase je mo\u017en\u00e9 kedyko\u013evek sa oto\u010di\u0165 a vr\u00e1ti\u0165 sa) <a href=\"https:\/\/sk.mapy.cz\/s\/fetavosojo\">https:\/\/sk.mapy.cz\/s\/fetavosojo<\/a><\/p>\n\n\n\n<p>\ud83d\udcc9 N\u00e1ro\u010dnos\u0165 kr\u00e1tkej trasy 3\/5<\/p>\n\n\n\n<p>\ud83d\udcc8 N\u00e1ro\u010dnos\u0165 dlh\u0161ej trasy 4\/5<\/p>\n\n\n\n<p>\ud83e\udd57 Mo\u017enosti ob\u010derstvenia: Koliba Soro\u0161ka<\/p>\n","protected":false},"excerpt":{"rendered":"<p>Za\u010d\u00edname v obci Silica. Pre t\u00fdch, ktor\u00fd chc\u00fa t\u00fato trasu absolvova\u0165 ako okruh odpor\u00fa\u010dame necha\u0165 auto \ud83d\ude97 pri Gombaseckej jaskyni a za\u010da\u0165 odtia\u013e. Zo Silice sa vyberieme po modrej cyklotrase 2718. Hne\u010f za Silicou sa nach\u00e1dza Ja\u0161teri\u010die jazierko\ud83c\udf0a, nad ktor\u00fdm je kopec Fabi\u00e1nka, odkia\u013e je za jasn\u00e9ho po\u010dasia vidie\u0165 Kr\u00e1\u013eovu ho\u013eu, Tatry \u26f0\ufe0f \u010di Z\u00e1dielsku [&hellip;]<\/p>\n","protected":false},"author":1,"featured_media":0,"parent":470,"menu_order":0,"comment_status":"closed","ping_status":"closed","template":"","meta":{"footnotes":""},"class_list":["post-621","page","type-page","status-publish","hentry"],"_links":{"self":[{"href":"https:\/\/karstvelo.sk\/index.php?rest_route=\/wp\/v2\/pages\/621","targetHints":{"allow":["GET"]}}],"collection":[{"href":"https:\/\/karstvelo.sk\/index.php?rest_route=\/wp\/v2\/pages"}],"about":[{"href":"https:\/\/karstvelo.sk\/index.php?rest_route=\/wp\/v2\/types\/page"}],"author":[{"embeddable":true,"href":"https:\/\/karstvelo.sk\/index.php?rest_route=\/wp\/v2\/users\/1"}],"replies":[{"embeddable":true,"href":"https:\/\/karstvelo.sk\/index.php?rest_route=%2Fwp%2Fv2%2Fcomments&post=621"}],"version-history":[{"count":2,"href":"https:\/\/karstvelo.sk\/index.php?rest_route=\/wp\/v2\/pages\/621\/revisions"}],"predecessor-version":[{"id":643,"href":"https:\/\/karstvelo.sk\/index.php?rest_route=\/wp\/v2\/pages\/621\/revisions\/643"}],"up":[{"embeddable":true,"href":"https:\/\/karstvelo.sk\/index.php?rest_route=\/wp\/v2\/pages\/470"}],"wp:attachment":[{"href":"https:\/\/karstvelo.sk\/index.php?rest_route=%2Fwp%2Fv2%2Fmedia&parent=621"}],"curies":[{"name":"wp","href":"https:\/\/api.w.org\/{rel}","templated":true}]}}