{"id":777,"date":"2026-04-29T13:13:16","date_gmt":"2026-04-29T11:13:16","guid":{"rendered":"https:\/\/karstvelo.sk\/?page_id=777"},"modified":"2026-04-29T13:13:16","modified_gmt":"2026-04-29T11:13:16","slug":"erintkezes","status":"publish","type":"page","link":"https:\/\/karstvelo.sk\/?page_id=777&lang=hu","title":{"rendered":"\u00c9rintkez\u00e9s"},"content":{"rendered":"\n<p>Slovensk\u00fd cykloklub Slovensk\u00fd kras<br>049 12 Gemersk\u00e1 H\u00f4rka<br>Gemersk\u00e1 H\u00f4rka 104<br>Szlov\u00e1k K\u00f6zt\u00e1rsas\u00e1g<br><a href=\"https:\/\/mapy.com\/s\/jeguzuhapu\">mapy.cz\/penzion_skalna_ruza<\/a><\/p>\n\n\n\n<h2 class=\"wp-block-heading\">Hasznos linkek<\/h2>\n\n\n\n<p><a href=\"https:\/\/www.cykloklub.sk\/\">https:\/\/www.cykloklub.sk\/<\/a><\/p>\n\n\n\n<p><a href=\"https:\/\/ke.cykloportal.sk\/\">https:\/\/ke.cykloportal.sk\/<\/a><\/p>\n\n\n\n<p><a href=\"https:\/\/www.cykloportal.sk\/\">https:\/\/www.cykloportal.sk\/<\/a><\/p>\n\n\n\n<p><\/p>\n","protected":false},"excerpt":{"rendered":"<p>Slovensk\u00fd cykloklub Slovensk\u00fd kras049 12 Gemersk\u00e1 H\u00f4rkaGemersk\u00e1 H\u00f4rka 104Szlov\u00e1k K\u00f6zt\u00e1rsas\u00e1gmapy.cz\/penzion_skalna_ruza Hasznos linkek https:\/\/www.cykloklub.sk\/ https:\/\/ke.cykloportal.sk\/ https:\/\/www.cykloportal.sk\/<\/p>\n","protected":false},"author":1,"featured_media":0,"parent":0,"menu_order":0,"comment_status":"closed","ping_status":"closed","template":"","meta":{"footnotes":""},"class_list":["post-777","page","type-page","status-publish","hentry"],"_links":{"self":[{"href":"https:\/\/karstvelo.sk\/index.php?rest_route=\/wp\/v2\/pages\/777","targetHints":{"allow":["GET"]}}],"collection":[{"href":"https:\/\/karstvelo.sk\/index.php?rest_route=\/wp\/v2\/pages"}],"about":[{"href":"https:\/\/karstvelo.sk\/index.php?rest_route=\/wp\/v2\/types\/page"}],"author":[{"embeddable":true,"href":"https:\/\/karstvelo.sk\/index.php?rest_route=\/wp\/v2\/users\/1"}],"replies":[{"embeddable":true,"href":"https:\/\/karstvelo.sk\/index.php?rest_route=%2Fwp%2Fv2%2Fcomments&post=777"}],"version-history":[{"count":1,"href":"https:\/\/karstvelo.sk\/index.php?rest_route=\/wp\/v2\/pages\/777\/revisions"}],"predecessor-version":[{"id":779,"href":"https:\/\/karstvelo.sk\/index.php?rest_route=\/wp\/v2\/pages\/777\/revisions\/779"}],"wp:attachment":[{"href":"https:\/\/karstvelo.sk\/index.php?rest_route=%2Fwp%2Fv2%2Fmedia&parent=777"}],"curies":[{"name":"wp","href":"https:\/\/api.w.org\/{rel}","templated":true}]}}